{"id":15,"date":"2021-01-17T15:41:39","date_gmt":"2021-01-17T15:41:39","guid":{"rendered":"https:\/\/experthive.hivepress.io\/?page_id=15"},"modified":"2024-07-05T18:32:32","modified_gmt":"2024-07-05T16:32:32","slug":"home","status":"publish","type":"page","link":"https:\/\/www.najdiexperta.sk\/financie\/","title":{"rendered":"Home"},"content":{"rendered":"\n<h1 class=\"wp-block-heading has-text-align-left\" style=\"font-size:78px\">Potrebujete experta na financie?<\/h1>\n\n\n\n<p class=\"has-text-align-left has-medium-font-size\">Objavte jednoduch\u00fa cestu k najlep\u0161\u00edm poradcom a sprostedkovate\u013eom na trhu &#8211; va\u0161e potreby s\u00fa na\u0161ou prioritou.<\/p>\n\n\n\n<div style=\"height:16px\" aria-hidden=\"true\" class=\"wp-block-spacer\"><\/div>\n\n\n \n\n\n<!--more-->\n<!--noteaser-->\n\n\n\n<div class=\"wp-block-columns is-layout-flex wp-container-core-columns-layout-1 wp-block-columns-is-layout-flex\">\n<div class=\"wp-block-column is-layout-flow wp-block-column-is-layout-flow\" style=\"flex-basis:50%\"> <form class=\"hp-form--wide hp-form--primary hp-block hp-form hp-form--listing-search\" action=\"https:\/\/www.najdiexperta.sk\/financie\" method=\"GET\" data-component=\"form\"><div class=\"hp-form__messages\" data-component=\"messages\"><\/div><div class=\"hp-form__fields\"><input type=\"hidden\" name=\"post_type\" value=\"hp_listing\" class=\"hp-field hp-field--hidden\"><input type=\"hidden\" name=\"latitude\" value=\"\" data-coordinate=\"lat\" class=\"hp-field hp-field--hidden\"><input type=\"hidden\" name=\"longitude\" value=\"\" data-coordinate=\"lng\" class=\"hp-field hp-field--hidden\"><select name=\"_category\" class=\"hp-field hp-field--hidden\"><option value=\"\">V\u0161etky kateg\u00f3rie<\/option><option value=\"158\">Audit zml\u00fav<\/option><option value=\"129\">D\u00f4chodkov\u00e9 sporenie<\/option><option value=\"126\">Hypot\u00e9ka \/ \u00faver<\/option><option value=\"128\">Investovanie<\/option><option value=\"125\">Komplexn\u00e9 poradenstvo<\/option><option value=\"127\">Poistenie<\/option><option value=\"130\">Vzdel\u00e1vanie<\/option><\/select><div class=\"hp-form__field hp-form__field--search\"><input type=\"search\" name=\"s\" value=\"\" placeholder=\"Vyh\u013ead\u00e1vanie\" maxlength=\"256\" class=\"hp-field hp-field--search\"><\/div><div class=\"hp-form__field hp-form__field--location\"><div data-format=\"\" data-countries=\"[]\" data-component=\"location\" class=\"hp-field hp-field--location\"><input type=\"text\" name=\"location\" value=\"\" autocomplete=\"off\" placeholder=\"Miesto\" maxlength=\"256\" class=\"hp-field hp-field--text\"><a href=\"#\" title=\"N\u00e1jdite ma\"><i class=\"hp-icon fas fa-location-arrow\"><\/i><\/a><\/div><\/div><\/div><div class=\"hp-form__footer\"><button type=\"submit\" class=\"hp-form__button button-primary alt button hp-field hp-field--submit\"><span>Vyh\u013ead\u00e1vanie<\/span><\/button><\/div><\/form><\/div>\n<\/div>\n\n\n <div class=\"hp-listing-categories hp-grid hp-block\"><div class=\"hp-row\"><div class=\"hp-grid__item hp-col-sm-4 hp-col-xs-12\"><article class=\"hp-listing-category hp-listing-category--view-block\"><header class=\"hp-listing-category__header\"><div class=\"hp-listing-category__icon\">\n\t<a href=\"https:\/\/www.najdiexperta.sk\/financie\/listing-category\/hypoteka-uver\/\">\n\t\t\t\t\t<i class=\"hp-icon fas fa-money-bill-wave\"><\/i>\n\t\t\t<\/a>\n<\/div>\n<\/header><div class=\"hp-listing-category__content\"><h4 class=\"hp-listing-category__name\"><a href=\"https:\/\/www.najdiexperta.sk\/financie\/listing-category\/hypoteka-uver\/\">Hypot\u00e9ka \/ \u00faver<\/a>\n<\/h4>\t<div class=\"hp-listing-category__description\">N\u00e1jdite najv\u00fdhodnej\u0161ie mo\u017enosti pre financovanie b\u00fdvania alebo osobn\u00e9 \u00favery s pomocou na\u0161ich expertov.<\/div>\n\t<div class=\"hp-listing-category__details hp-listing-category__details--primary\"><div class=\"hp-listing-category__item-count hp-listing-category__count\">6 Slu\u017eieb<\/div>\n<a href=\"https:\/\/www.najdiexperta.sk\/financie\/listing-category\/hypoteka-uver\/\" class=\"hp-listing-category__link\"><i class=\"hp-icon fas fa-arrow-right\"><\/i><\/a>\n<\/div><\/div><\/article><\/div><div class=\"hp-grid__item hp-col-sm-4 hp-col-xs-12\"><article class=\"hp-listing-category hp-listing-category--view-block\"><header class=\"hp-listing-category__header\"><div class=\"hp-listing-category__icon\">\n\t<a href=\"https:\/\/www.najdiexperta.sk\/financie\/listing-category\/poistenie\/\">\n\t\t\t\t\t<i class=\"hp-icon fas fa-home\"><\/i>\n\t\t\t<\/a>\n<\/div>\n<\/header><div class=\"hp-listing-category__content\"><h4 class=\"hp-listing-category__name\"><a href=\"https:\/\/www.najdiexperta.sk\/financie\/listing-category\/poistenie\/\">Poistenie<\/a>\n<\/h4>\t<div class=\"hp-listing-category__description\">Ochr\u00e1nte svoj majetok a zdravie s najlep\u0161\u00edmi poistn\u00fdmi produktmi na trhu, vybran\u00fdmi na\u0161imi odborn\u00edkmi.<\/div>\n\t<div class=\"hp-listing-category__details hp-listing-category__details--primary\"><div class=\"hp-listing-category__item-count hp-listing-category__count\">4 Slu\u017eby<\/div>\n<a href=\"https:\/\/www.najdiexperta.sk\/financie\/listing-category\/poistenie\/\" class=\"hp-listing-category__link\"><i class=\"hp-icon fas fa-arrow-right\"><\/i><\/a>\n<\/div><\/div><\/article><\/div><div class=\"hp-grid__item hp-col-sm-4 hp-col-xs-12\"><article class=\"hp-listing-category hp-listing-category--view-block\"><header class=\"hp-listing-category__header\"><div class=\"hp-listing-category__icon\">\n\t<a href=\"https:\/\/www.najdiexperta.sk\/financie\/listing-category\/investovanie\/\">\n\t\t\t\t\t<i class=\"hp-icon fas fa-chart-area\"><\/i>\n\t\t\t<\/a>\n<\/div>\n<\/header><div class=\"hp-listing-category__content\"><h4 class=\"hp-listing-category__name\"><a href=\"https:\/\/www.najdiexperta.sk\/financie\/listing-category\/investovanie\/\">Investovanie<\/a>\n<\/h4>\t<div class=\"hp-listing-category__description\">Objavte investi\u010dn\u00e9 pr\u00edle\u017eitosti a z\u00edskajte poradenstvo pre bezpe\u010dn\u00e9 a efekt\u00edvne zhodnocovanie va\u0161ich financi\u00ed.<\/div>\n\t<div class=\"hp-listing-category__details hp-listing-category__details--primary\"><div class=\"hp-listing-category__item-count hp-listing-category__count\">4 Slu\u017eby<\/div>\n<a href=\"https:\/\/www.najdiexperta.sk\/financie\/listing-category\/investovanie\/\" class=\"hp-listing-category__link\"><i class=\"hp-icon fas fa-arrow-right\"><\/i><\/a>\n<\/div><\/div><\/article><\/div><div class=\"hp-grid__item hp-col-sm-4 hp-col-xs-12\"><article class=\"hp-listing-category hp-listing-category--view-block\"><header class=\"hp-listing-category__header\"><div class=\"hp-listing-category__icon\">\n\t<a href=\"https:\/\/www.najdiexperta.sk\/financie\/listing-category\/dochodkove-sporenie\/\">\n\t\t\t\t\t<i class=\"hp-icon fas fa-chart-pie\"><\/i>\n\t\t\t<\/a>\n<\/div>\n<\/header><div class=\"hp-listing-category__content\"><h4 class=\"hp-listing-category__name\"><a href=\"https:\/\/www.najdiexperta.sk\/financie\/listing-category\/dochodkove-sporenie\/\">D\u00f4chodkov\u00e9 sporenie<\/a>\n<\/h4>\t<div class=\"hp-listing-category__description\">Zabezpe\u010dte si finan\u010dn\u00fa stabilitu v d\u00f4chodku s odborn\u00fdmi radami na v\u00fdber najlep\u0161\u00edch d\u00f4chodkov\u00fdch produktov.<\/div>\n\t<div class=\"hp-listing-category__details hp-listing-category__details--primary\"><div class=\"hp-listing-category__item-count hp-listing-category__count\">2 Slu\u017eby<\/div>\n<a href=\"https:\/\/www.najdiexperta.sk\/financie\/listing-category\/dochodkove-sporenie\/\" class=\"hp-listing-category__link\"><i class=\"hp-icon fas fa-arrow-right\"><\/i><\/a>\n<\/div><\/div><\/article><\/div><div class=\"hp-grid__item hp-col-sm-4 hp-col-xs-12\"><article class=\"hp-listing-category hp-listing-category--view-block\"><header class=\"hp-listing-category__header\"><div class=\"hp-listing-category__icon\">\n\t<a href=\"https:\/\/www.najdiexperta.sk\/financie\/listing-category\/komplexne-poradenstvo\/\">\n\t\t\t\t\t<i class=\"hp-icon fas fa-book\"><\/i>\n\t\t\t<\/a>\n<\/div>\n<\/header><div class=\"hp-listing-category__content\"><h4 class=\"hp-listing-category__name\"><a href=\"https:\/\/www.najdiexperta.sk\/financie\/listing-category\/komplexne-poradenstvo\/\">Komplexn\u00e9 poradenstvo<\/a>\n<\/h4>\t<div class=\"hp-listing-category__description\">Vyu\u017eite \u0161irok\u00e9 spektrum finan\u010dn\u00fdch slu\u017eieb na mieru, ktor\u00e9 pokr\u00fdvaj\u00fa v\u0161etky va\u0161e potreby.<\/div>\n\t<div class=\"hp-listing-category__details hp-listing-category__details--primary\"><div class=\"hp-listing-category__item-count hp-listing-category__count\">1 Slu\u017eba<\/div>\n<a href=\"https:\/\/www.najdiexperta.sk\/financie\/listing-category\/komplexne-poradenstvo\/\" class=\"hp-listing-category__link\"><i class=\"hp-icon fas fa-arrow-right\"><\/i><\/a>\n<\/div><\/div><\/article><\/div><div class=\"hp-grid__item hp-col-sm-4 hp-col-xs-12\"><article class=\"hp-listing-category hp-listing-category--view-block\"><header class=\"hp-listing-category__header\"><div class=\"hp-listing-category__icon\">\n\t<a href=\"https:\/\/www.najdiexperta.sk\/financie\/listing-category\/audit-zmluv\/\">\n\t\t\t\t\t<i class=\"hp-icon fas fa-align-center\"><\/i>\n\t\t\t<\/a>\n<\/div>\n<\/header><div class=\"hp-listing-category__content\"><h4 class=\"hp-listing-category__name\"><a href=\"https:\/\/www.najdiexperta.sk\/financie\/listing-category\/audit-zmluv\/\">Audit zml\u00fav<\/a>\n<\/h4>\t<div class=\"hp-listing-category__description\">Zabezpe\u010dte si pokoj na du\u0161i s profesion\u00e1lnym auditom zml\u00fav. Na\u0161i odborn\u00edci identifikuj\u00fa rizik\u00e1 a zabezpe\u010dia s\u00falad s predpismi.<\/div>\n\t<div class=\"hp-listing-category__details hp-listing-category__details--primary\"><div class=\"hp-listing-category__item-count hp-listing-category__count\">1 Slu\u017eba<\/div>\n<a href=\"https:\/\/www.najdiexperta.sk\/financie\/listing-category\/audit-zmluv\/\" class=\"hp-listing-category__link\"><i class=\"hp-icon fas fa-arrow-right\"><\/i><\/a>\n<\/div><\/div><\/article><\/div><\/div><\/div>\n\n\n<div style=\"height:20px\" aria-hidden=\"true\" class=\"wp-block-spacer\"><\/div>\n\n\n\n<h2 class=\"wp-block-heading content-title\">Najnov\u0161\u00ed experti<\/h2>\n\n\n <div data-component=\"slider\" class=\"hp-vendors--slider alignfull hp-vendors hp-block hp-grid\" data-type=\"carousel\"><div class=\"hp-row\"><div class=\"hp-grid__item hp-col-sm-4 hp-col-xs-12\"><article class=\"hp-vendor hp-vendor--view-block\"><header class=\"hp-vendor__header\"><div class=\"hp-vendor__image\">\n\t<a href=\"https:\/\/www.najdiexperta.sk\/financie\/vendor\/bc-michal-poliak\/\">\n\t\t\t\t\t<img decoding=\"async\" src=\"https:\/\/www.najdiexperta.sk\/financie\/wp-content\/uploads\/sites\/6\/2024\/04\/Michal-Poliak-1-400x400.png\" alt=\"Bc. Michal Poliak\" loading=\"lazy\">\n\t\t\t<\/a>\n<\/div>\n<\/header><div class=\"hp-vendor__content\"><h4 class=\"hp-vendor__name\"><a href=\"https:\/\/www.najdiexperta.sk\/financie\/vendor\/bc-michal-poliak\/\">Bc. Michal Poliak<\/a>\n<\/h4><div class=\"hp-vendor__details hp-vendor__details--primary\"><time class=\"hp-vendor__registered-date hp-vendor__date hp-meta\" datetime=\"2024-04-29 12:58:02\">\n\t\u010clenom od 29. apr\u00edla 2024<\/time>\n<\/div>\t<div class=\"hp-vendor__attributes hp-vendor__attributes--secondary\">\n\t\t\t\t\t\t<div class=\"hp-vendor__attribute hp-vendor__attribute--web\">\n\t\t\t\t\t<a href=\"https:\/\/michalpoliak.sk\/\">https:\/\/michalpoliak.sk\/<\/a>\t\t\t\t<\/div>\n\t\t\t\t\t\t\t\t<div class=\"hp-vendor__attribute hp-vendor__attribute--mail\">\n\t\t\t\t\t<a href=\"mailto:info@michalpoliak.sk\">info@michalpoliak.sk<\/a>\t\t\t\t<\/div>\n\t\t\t\t\t<\/div>\n\t<\/div><footer class=\"hp-vendor__footer\"><div class=\"hp-block hp-vendor__attributes hp-vendor__attributes--primary\"><div class=\"hp-vendor__attribute hp-vendor__attribute--mobil\">+421908837647<\/div><\/div><div class=\"hp-vendor__actions hp-vendor__actions--primary\"><\/div><\/footer><\/article><\/div><div class=\"hp-grid__item hp-col-sm-4 hp-col-xs-12\"><article class=\"hp-vendor hp-vendor--view-block\"><header class=\"hp-vendor__header\"><div class=\"hp-vendor__image\">\n\t<a href=\"https:\/\/www.najdiexperta.sk\/financie\/vendor\/patrik-kunzo\/\">\n\t\t\t\t\t<img decoding=\"async\" src=\"https:\/\/www.najdiexperta.sk\/financie\/wp-content\/uploads\/sites\/6\/2024\/04\/Patrik-Kunzo_32-Edit-1-400x400.jpg\" alt=\"Patrik Kunzo\" loading=\"lazy\">\n\t\t\t<\/a>\n<\/div>\n<\/header><div class=\"hp-vendor__content\"><h4 class=\"hp-vendor__name\"><a href=\"https:\/\/www.najdiexperta.sk\/financie\/vendor\/patrik-kunzo\/\">Patrik Kunzo<\/a>\n\t<i class=\"hp-vendor__verified-badge hp-icon fas fa-check-circle\" title=\"Overen\u00e9\"><\/i>\n\t<\/h4><div class=\"hp-vendor__details hp-vendor__details--primary\"><time class=\"hp-vendor__registered-date hp-vendor__date hp-meta\" datetime=\"2024-04-28 10:40:31\">\n\t\u010clenom od 28. apr\u00edla 2024<\/time>\n<\/div>\t<div class=\"hp-vendor__attributes hp-vendor__attributes--secondary\">\n\t\t\t\t\t\t<div class=\"hp-vendor__attribute hp-vendor__attribute--web\">\n\t\t\t\t\t<a href=\"https:\/\/ekofinancie.sk\/\">https:\/\/ekofinancie.sk\/<\/a>\t\t\t\t<\/div>\n\t\t\t\t\t\t\t\t<div class=\"hp-vendor__attribute hp-vendor__attribute--mail\">\n\t\t\t\t\t<a href=\"mailto:patrik@ekofinancie.sk\">patrik@ekofinancie.sk<\/a>\t\t\t\t<\/div>\n\t\t\t\t\t<\/div>\n\t<\/div><footer class=\"hp-vendor__footer\"><div class=\"hp-block hp-vendor__attributes hp-vendor__attributes--primary\"><div class=\"hp-vendor__attribute hp-vendor__attribute--mobil\">+421917829863<\/div><\/div><div class=\"hp-vendor__actions hp-vendor__actions--primary\"><\/div><\/footer><\/article><\/div><div class=\"hp-grid__item hp-col-sm-4 hp-col-xs-12\"><article class=\"hp-vendor hp-vendor--view-block\"><header class=\"hp-vendor__header\"><div class=\"hp-vendor__image\">\n\t<a href=\"https:\/\/www.najdiexperta.sk\/financie\/vendor\/tomas-maga\/\">\n\t\t\t\t\t<img decoding=\"async\" src=\"https:\/\/www.najdiexperta.sk\/financie\/wp-content\/uploads\/sites\/6\/2024\/04\/Tomas_Maga_70-1-400x400.jpg\" alt=\"Tom\u00e1\u0161 Maga\" loading=\"lazy\">\n\t\t\t<\/a>\n<\/div>\n<\/header><div class=\"hp-vendor__content\"><h4 class=\"hp-vendor__name\"><a href=\"https:\/\/www.najdiexperta.sk\/financie\/vendor\/tomas-maga\/\">Tom\u00e1\u0161 Maga<\/a>\n<\/h4><div class=\"hp-vendor__details hp-vendor__details--primary\"><time class=\"hp-vendor__registered-date hp-vendor__date hp-meta\" datetime=\"2024-04-28 10:36:33\">\n\t\u010clenom od 28. apr\u00edla 2024<\/time>\n<\/div>\t<div class=\"hp-vendor__attributes hp-vendor__attributes--secondary\">\n\t\t\t\t\t\t<div class=\"hp-vendor__attribute hp-vendor__attribute--web\">\n\t\t\t\t\t<a href=\"https:\/\/www.tomasmaga.sk\/\">https:\/\/www.tomasmaga.sk\/<\/a>\t\t\t\t<\/div>\n\t\t\t\t\t\t\t\t<div class=\"hp-vendor__attribute hp-vendor__attribute--mail\">\n\t\t\t\t\t<a href=\"mailto:tm@tomasmaga.sk\">tm@tomasmaga.sk<\/a>\t\t\t\t<\/div>\n\t\t\t\t\t<\/div>\n\t<\/div><footer class=\"hp-vendor__footer\"><div class=\"hp-block hp-vendor__attributes hp-vendor__attributes--primary\"><div class=\"hp-vendor__attribute hp-vendor__attribute--mobil\">+421918285965<\/div><\/div><div class=\"hp-vendor__actions hp-vendor__actions--primary\"><\/div><\/footer><\/article><\/div><div class=\"hp-grid__item hp-col-sm-4 hp-col-xs-12\"><article class=\"hp-vendor hp-vendor--view-block\"><header class=\"hp-vendor__header\"><div class=\"hp-vendor__image\">\n\t<a href=\"https:\/\/www.najdiexperta.sk\/financie\/vendor\/tatiana-krcmarikova\/\">\n\t\t\t\t\t<img decoding=\"async\" src=\"https:\/\/www.najdiexperta.sk\/financie\/wp-content\/uploads\/sites\/6\/2024\/04\/2-1-400x400.png\" alt=\"Tatiana Kr\u010dm\u00e1rikov\u00e1\" loading=\"lazy\">\n\t\t\t<\/a>\n<\/div>\n<\/header><div class=\"hp-vendor__content\"><h4 class=\"hp-vendor__name\"><a href=\"https:\/\/www.najdiexperta.sk\/financie\/vendor\/tatiana-krcmarikova\/\">Tatiana Kr\u010dm\u00e1rikov\u00e1<\/a>\n<\/h4><div class=\"hp-vendor__details hp-vendor__details--primary\"><time class=\"hp-vendor__registered-date hp-vendor__date hp-meta\" datetime=\"2024-04-28 10:33:09\">\n\t\u010clenom od 28. apr\u00edla 2024<\/time>\n<\/div>\t<div class=\"hp-vendor__attributes hp-vendor__attributes--secondary\">\n\t\t\t\t\t\t<div class=\"hp-vendor__attribute hp-vendor__attribute--web\">\n\t\t\t\t\t<a href=\"https:\/\/www.tatianakrcmarikova.sk\">https:\/\/www.tatianakrcmarikova.sk<\/a>\t\t\t\t<\/div>\n\t\t\t\t\t\t\t\t<div class=\"hp-vendor__attribute hp-vendor__attribute--mail\">\n\t\t\t\t\t<a href=\"mailto:tatiana@krcmarikova.com\">tatiana@krcmarikova.com<\/a>\t\t\t\t<\/div>\n\t\t\t\t\t<\/div>\n\t<\/div><footer class=\"hp-vendor__footer\"><div class=\"hp-block hp-vendor__attributes hp-vendor__attributes--primary\"><div class=\"hp-vendor__attribute hp-vendor__attribute--mobil\">+421917075217<\/div><\/div><div class=\"hp-vendor__actions hp-vendor__actions--primary\"><\/div><\/footer><\/article><\/div><div class=\"hp-grid__item hp-col-sm-4 hp-col-xs-12\"><article class=\"hp-vendor hp-vendor--view-block\"><header class=\"hp-vendor__header\"><div class=\"hp-vendor__image\">\n\t<a href=\"https:\/\/www.najdiexperta.sk\/financie\/vendor\/pavol-chomanic\/\">\n\t\t\t\t\t<img decoding=\"async\" src=\"https:\/\/www.najdiexperta.sk\/financie\/wp-content\/uploads\/sites\/6\/2024\/04\/image-1-1-400x400.png\" alt=\"Pavol Chomani\u010d\" loading=\"lazy\">\n\t\t\t<\/a>\n<\/div>\n<\/header><div class=\"hp-vendor__content\"><h4 class=\"hp-vendor__name\"><a href=\"https:\/\/www.najdiexperta.sk\/financie\/vendor\/pavol-chomanic\/\">Pavol Chomani\u010d<\/a>\n<\/h4><div class=\"hp-vendor__details hp-vendor__details--primary\"><time class=\"hp-vendor__registered-date hp-vendor__date hp-meta\" datetime=\"2024-04-28 10:28:46\">\n\t\u010clenom od 28. apr\u00edla 2024<\/time>\n<\/div>\t<div class=\"hp-vendor__attributes hp-vendor__attributes--secondary\">\n\t\t\t<\/div>\n\t<\/div><footer class=\"hp-vendor__footer\"><div class=\"hp-block hp-vendor__attributes hp-vendor__attributes--primary\"><div class=\"hp-vendor__attribute hp-vendor__attribute--mobil\">+421944151434<\/div><\/div><div class=\"hp-vendor__actions hp-vendor__actions--primary\"><\/div><\/footer><\/article><\/div><div class=\"hp-grid__item hp-col-sm-4 hp-col-xs-12\"><article class=\"hp-vendor hp-vendor--view-block\"><header class=\"hp-vendor__header\"><div class=\"hp-vendor__image\">\n\t<a href=\"https:\/\/www.najdiexperta.sk\/financie\/vendor\/ing-peter-macinsky\/\">\n\t\t\t\t\t<img decoding=\"async\" src=\"https:\/\/www.najdiexperta.sk\/financie\/wp-content\/uploads\/sites\/6\/2024\/04\/Macinsky-1-400x400.png\" alt=\"Ing. Peter Macinsk\u00fd\" loading=\"lazy\">\n\t\t\t<\/a>\n<\/div>\n<\/header><div class=\"hp-vendor__content\"><h4 class=\"hp-vendor__name\"><a href=\"https:\/\/www.najdiexperta.sk\/financie\/vendor\/ing-peter-macinsky\/\">Ing. Peter Macinsk\u00fd<\/a>\n<\/h4><div class=\"hp-vendor__details hp-vendor__details--primary\"><time class=\"hp-vendor__registered-date hp-vendor__date hp-meta\" datetime=\"2024-04-25 17:05:06\">\n\t\u010clenom od 25. apr\u00edla 2024<\/time>\n<\/div>\t<div class=\"hp-vendor__attributes hp-vendor__attributes--secondary\">\n\t\t\t\t\t\t<div class=\"hp-vendor__attribute hp-vendor__attribute--web\">\n\t\t\t\t\t<a href=\"https:\/\/macinsky.sk\/\">https:\/\/macinsky.sk\/<\/a>\t\t\t\t<\/div>\n\t\t\t\t\t\t\t\t<div class=\"hp-vendor__attribute hp-vendor__attribute--mail\">\n\t\t\t\t\t<a href=\"mailto:peter@macinsky.sk\">peter@macinsky.sk<\/a>\t\t\t\t<\/div>\n\t\t\t\t\t<\/div>\n\t<\/div><footer class=\"hp-vendor__footer\"><div class=\"hp-block hp-vendor__attributes hp-vendor__attributes--primary\"><div class=\"hp-vendor__attribute hp-vendor__attribute--mobil\">+421915922215<\/div><\/div><div class=\"hp-vendor__actions hp-vendor__actions--primary\"><\/div><\/footer><\/article><\/div><\/div><\/div>\n\n\n<div class=\"wp-block-group content-block is-layout-flow wp-block-group-is-layout-flow\"><div class=\"wp-block-group__inner-container\">\n<h2 class=\"wp-block-heading has-text-align-center content-title\">Ako to funguje?<\/h2>\n\n\n\n<div class=\"wp-block-columns is-layout-flex wp-container-core-columns-layout-2 wp-block-columns-is-layout-flex\">\n<div class=\"wp-block-column is-layout-flow wp-block-column-is-layout-flow\"> <div class=\"hp-feature\"><i class=\"hp-feature__icon fas fa-file-medical\"><\/i><div class=\"hp-feature__caption hp-meta\">01<\/div><\/div>\n\n\n<h3 class=\"wp-block-heading has-text-align-center\">Ak\u00fd m\u00e1te probl\u00e9m?<\/h3>\n\n\n\n<p class=\"has-text-align-center\">N\u00e1jdite slu\u017ebu, ktor\u00e1 v\u00e1m pom\u00f4\u017ee. Pou\u017eite na\u0161e filtre aby ste boli \u010do najr\u00fdchlej\u0161\u00ed.<\/p>\n<\/div>\n\n\n\n<div class=\"wp-block-column is-layout-flow wp-block-column-is-layout-flow\"> <div class=\"hp-feature\"><i class=\"hp-feature__icon fas fa-comment-dollar\"><\/i><div class=\"hp-feature__caption hp-meta\">02<\/div><\/div>\n\n\n<h3 class=\"wp-block-heading has-text-align-center\">Kto v\u00e1m vyhovuje?<\/h3>\n\n\n\n<p class=\"has-text-align-center\">Pri ka\u017edej slu\u017ebe m\u00e1te priraden\u00fd profil experta.<\/p>\n<\/div>\n\n\n\n<div class=\"wp-block-column is-layout-flow wp-block-column-is-layout-flow\"> <div class=\"hp-feature\"><i class=\"hp-feature__icon fas fa-calendar-check\"><\/i><div class=\"hp-feature__caption hp-meta\">03<\/div><\/div>\n\n\n<h3 class=\"wp-block-heading has-text-align-center\">Kedy?<\/h3>\n\n\n\n<p class=\"has-text-align-center\">U\u017e sa sta\u010d\u00ed len dohodn\u00fa\u0165. Kontakt m\u00f4\u017eete nadviaza\u0165 cez n\u00e1s alebo samostatne.<\/p>\n<\/div>\n<\/div>\n<\/div><\/div>\n\n\n\n<div style=\"height:20px\" aria-hidden=\"true\" class=\"wp-block-spacer\"><\/div>\n\n\n\n<h2 class=\"wp-block-heading content-title\">Hodnotenia<\/h2>\n\n\n <div data-component=\"slider\" class=\"hp-testimonials--slider alignfull hp-testimonials hp-block hp-grid\"><div class=\"hp-row\"><div class=\"hp-grid__item hp-col-sm-12 hp-col-xs-12\"><div class=\"hp-testimonial hp-testimonial--view-block\"><div class=\"hp-testimonial__image\" style=\"background-image:url(https:\/\/www.najdiexperta.sk\/financie\/wp-content\/uploads\/sites\/6\/2021\/01\/FW_01-05-800x600.png)\"><\/div>\n<div class=\"hp-testimonial__content\">\t<div class=\"hp-testimonial__text\"><p>Som rada, \u017ee som objavila str\u00e1nku kde som na\u0161la poradenstvo s mojim \u0161t\u00fadiom v zahrani\u010d\u00ed. V\u0161etko bolo ve\u013emi jednoduch\u00e9 a r\u00fdchle. Teraz sa m\u00f4\u017eem s\u00fastredi\u0165 iba na to podstatn\u00e9.<\/p>\n<\/div>\n\t<div class=\"hp-testimonial__summary\">\t<h4 class=\"hp-testimonial__author\">\n\t\tSandra\t<\/h4>\n\t\t<div class=\"hp-testimonial__position hp-meta\">\u0160tudentka<\/div>\n\t<\/div><\/div><\/div><\/div><div class=\"hp-grid__item hp-col-sm-12 hp-col-xs-12\"><div class=\"hp-testimonial hp-testimonial--view-block\"><div class=\"hp-testimonial__image\" style=\"background-image:url(https:\/\/www.najdiexperta.sk\/financie\/wp-content\/uploads\/sites\/6\/2021\/01\/FW_01-03-800x600.png)\"><\/div>\n<div class=\"hp-testimonial__content\">\t<div class=\"hp-testimonial__text\"><p>Ako freelancer som potreboval konzultova\u0165 financovanie nov\u00e9ho b\u00fdvania. S finan\u010dn\u00fdm poradcom som v\u0161etko expertne vybavil a u\u017e sa m\u00f4\u017eem s\u0165ahova\u0165.<\/p>\n<\/div>\n\t<div class=\"hp-testimonial__summary\">\t<h4 class=\"hp-testimonial__author\">\n\t\tMatej\t<\/h4>\n\t\t<div class=\"hp-testimonial__position hp-meta\">Freelancer<\/div>\n\t<\/div><\/div><\/div><\/div><div class=\"hp-grid__item hp-col-sm-12 hp-col-xs-12\"><div class=\"hp-testimonial hp-testimonial--view-block\"><div class=\"hp-testimonial__image\" style=\"background-image:url(https:\/\/www.najdiexperta.sk\/financie\/wp-content\/uploads\/sites\/6\/2021\/01\/FW_01-06-800x600.png)\"><\/div>\n<div class=\"hp-testimonial__content\">\t<div class=\"hp-testimonial__text\"><p>Musel som n\u00e1js\u0165 niekoho, kto mi pom\u00f4\u017ee s napl\u00e1novan\u00edm dedi\u010dstva. V\u010faka hodnoteniam som na\u0161iel super experta, ktor\u00fd mi so v\u0161etk\u00fdm spo\u013eahlivo a r\u00fdchlo pomohol.<\/p>\n<\/div>\n\t<div class=\"hp-testimonial__summary\">\t<h4 class=\"hp-testimonial__author\">\n\t\tTom\u00e1\u0161\t<\/h4>\n\t\t<div class=\"hp-testimonial__position hp-meta\">Rodi\u010d<\/div>\n\t<\/div><\/div><\/div><\/div><\/div><\/div>\n\n\n<div class=\"wp-block-group content-block is-layout-flow wp-block-group-is-layout-flow\"><div class=\"wp-block-group__inner-container\">\n<div class=\"wp-block-columns is-layout-flex wp-container-core-columns-layout-3 wp-block-columns-is-layout-flex\">\n<div class=\"wp-block-column content-column is-layout-flow wp-block-column-is-layout-flow\">\n<h3 class=\"wp-block-heading has-text-align-center\">Som expert<\/h3>\n\n\n\n<p class=\"has-text-align-center\">Chcete sa zvidite\u013eni\u0165 a z\u00edska\u0165 nov\u00fdch klientov? Vytvorte si profil a pridajte Va\u0161u prv\u00fa slu\u017ebu.<\/p>\n\n\n\n<div style=\"height:8px\" aria-hidden=\"true\" class=\"wp-block-spacer\"><\/div>\n\n\n\n<div class=\"wp-block-buttons is-horizontal is-content-justification-center is-layout-flex wp-container-core-buttons-layout-1 wp-block-buttons-is-layout-flex\">\n<div class=\"wp-block-button is-style-primary\"><a class=\"wp-block-button__link wp-element-button\" href=\"https:\/\/www.najdiexperta.sk\/financie\/submit-request\/?vendor_id=0\" style=\"border-radius:4px\">Prida\u0165 slu\u017ebu<\/a><\/div>\n<\/div>\n<\/div>\n<\/div>\n<\/div><\/div>\n","protected":false},"excerpt":{"rendered":"<p>Potrebujete experta na financie? Objavte jednoduch\u00fa cestu k najlep\u0161\u00edm poradcom a sprostedkovate\u013eom na trhu &#8211; va\u0161e potreby s\u00fa na\u0161ou prioritou.<\/p>\n","protected":false},"author":1,"featured_media":814,"parent":0,"menu_order":0,"comment_status":"closed","ping_status":"closed","template":"","meta":{"footnotes":""},"_links":{"self":[{"href":"https:\/\/www.najdiexperta.sk\/financie\/wp-json\/wp\/v2\/pages\/15"}],"collection":[{"href":"https:\/\/www.najdiexperta.sk\/financie\/wp-json\/wp\/v2\/pages"}],"about":[{"href":"https:\/\/www.najdiexperta.sk\/financie\/wp-json\/wp\/v2\/types\/page"}],"author":[{"embeddable":true,"href":"https:\/\/www.najdiexperta.sk\/financie\/wp-json\/wp\/v2\/users\/1"}],"replies":[{"embeddable":true,"href":"https:\/\/www.najdiexperta.sk\/financie\/wp-json\/wp\/v2\/comments?post=15"}],"version-history":[{"count":48,"href":"https:\/\/www.najdiexperta.sk\/financie\/wp-json\/wp\/v2\/pages\/15\/revisions"}],"predecessor-version":[{"id":933,"href":"https:\/\/www.najdiexperta.sk\/financie\/wp-json\/wp\/v2\/pages\/15\/revisions\/933"}],"wp:featuredmedia":[{"embeddable":true,"href":"https:\/\/www.najdiexperta.sk\/financie\/wp-json\/wp\/v2\/media\/814"}],"wp:attachment":[{"href":"https:\/\/www.najdiexperta.sk\/financie\/wp-json\/wp\/v2\/media?parent=15"}],"curies":[{"name":"wp","href":"https:\/\/api.w.org\/{rel}","templated":true}]}}